{"id":1070,"date":"2022-07-21T20:34:47","date_gmt":"2022-07-21T20:34:47","guid":{"rendered":"https:\/\/astrolojikursu.com\/blog\/?page_id=1070"},"modified":"2023-05-05T23:25:30","modified_gmt":"2023-05-05T23:25:30","slug":"grup-seanslari","status":"publish","type":"page","link":"https:\/\/astrolojikursu.com\/blog\/grup-seanslari","title":{"rendered":"GRUP SEANSLARI"},"content":{"rendered":"\n<p>Merhabalar. Buraya <a rel=\"noreferrer noopener\" href=\"http:\/\/www.instagram.com\/laoizm\" data-type=\"URL\" data-id=\"http:\/\/www.instagram.com\/sevgililao\" target=\"_blank\">LAO instagram sayfas\u0131ndan<\/a> gelmi\u015f olmal\u0131s\u0131n\u0131z. <strong>21 g\u00fcn<\/strong> s\u00fcrecek olan grup enerji \u015fifa seanslar\u0131ma nas\u0131l kat\u0131laca\u011f\u0131n\u0131zla ilgili burada bilgi bulabilirsiniz. <\/p>\n\n\n\n<p><strong><mark style=\"background-color:rgba(0, 0, 0, 0);color:#ff2f5f\" class=\"has-inline-color\">S\u0131radaki Grup seanslar\u0131 19 May\u0131s 2023&#8217;de Yeni Ay g\u00fcn\u00fc ile ba\u015fl\u0131yor&#8230; <\/mark><\/strong><\/p>\n\n\n\n<p>Bu seanslar <a href=\"https:\/\/astrolojikursu.com\/blog\/healy-frekans-cihazi-nedir\" data-type=\"URL\" data-id=\"https:\/\/astrolojikursu.com\/blog\/healy-frekans-cihazi-nedir\" target=\"_blank\" rel=\"noreferrer noopener\"><strong>Healy Frekans Cihaz\u0131<\/strong><\/a> ve ek olarak benim enerji g\u00f6nderimim ile yap\u0131lacakt\u0131r. <strong>Healy nedir ve enerji seanslar\u0131 nas\u0131l yap\u0131l\u0131r<\/strong> gibi sorular\u0131n varsa <strong><a href=\"https:\/\/astrolojikursu.com\/blog\/healy-frekans-cihazi-nedir\" data-type=\"URL\" data-id=\"https:\/\/astrolojikursu.com\/blog\/healy-frekans-cihazi-nedir\">buraya <\/a><\/strong>t\u0131klayarak bilgi alabilirsin. <\/p>\n\n\n\n<h2 class=\"wp-block-heading\"><strong>HANG\u0130 KONULARDA GRUP SEANSLARI YAPACA\u011eIZ?<\/strong><\/h2>\n\n\n\n<ul class=\"wp-block-list\">\n<li><strong>1. A\u015eK VE \u0130L\u0130\u015eK\u0130LER GRUBU <mark style=\"background-color:rgba(0, 0, 0, 0);color:#0895ea\" class=\"has-inline-color\">(\u00dcCRETL\u0130)<\/mark><\/strong> : Bu grupta a\u015fk ve ili\u015fkiler konusundaki blokajlara y\u00f6nelik 42 g\u00fcn frekans \u00e7al\u0131\u015fmas\u0131 yap\u0131lacakt\u0131r. Hedefimiz, ki\u015filerin enerji alan\u0131n\u0131 mutlu bir a\u015fk ve ili\u015fki duygusuna uyumlamakt\u0131r. <\/li>\n\n\n\n<li><strong>2. PARA VE BOLLUK GRUBU<\/strong> <mark style=\"background-color:rgba(0, 0, 0, 0);color:#0da4ff\" class=\"has-inline-color\"><strong>(\u00dcCRETL\u0130)<\/strong> <\/mark>: Bu grupta i\u015f, para konular\u0131ndaki t\u0131kan\u0131kl\u0131k, bereketsizlik, para ak\u0131\u015f\u0131ndaki blokajlara y\u00f6nelik 42 g\u00fcn \u00e7al\u0131\u015fma yap\u0131lacakt\u0131r. Hedefimiz, paran\u0131n hayat\u0131n\u0131za girmesini ve kalmas\u0131n\u0131 engelleyen frekanslar\u0131 temizleyip, yerine bolluk ve bereket inanc\u0131n\u0131n frekans\u0131n\u0131 y\u00fcklemektir. <\/li>\n\n\n\n<li><strong>3. \u00d6ZG\u00dcVEN VE \u00d6Z DE\u011eER GRUBU<\/strong> <strong><mark style=\"background-color:rgba(0, 0, 0, 0);color:#ff0062\" class=\"has-inline-color\">(\u00dcCRETS\u0130Z)<\/mark><\/strong> : <mark style=\"background-color:#fffba6\" class=\"has-inline-color\">Bu gruba, \u00fcstteki \u00fccretli gruplardan birine dahil olan herkes eklenecektir.<\/mark> Bu grupta \u00f6zg\u00fcven, cesaret, \u00f6z sayg\u0131, kendine de\u011fer verme, kendini konusunda blokajlar\u0131 kald\u0131rmaya y\u00f6nelik 42 g\u00fcn \u00e7al\u0131\u015fma yap\u0131lacakt\u0131r. <\/li>\n\n\n\n<li><strong>4. PRANA ENERJ\u0130 \u00c7ALI\u015eMASI <mark style=\"background-color:rgba(0, 0, 0, 0);color:#ff2165\" class=\"has-inline-color\">(\u00dcCRETS\u0130Z)<\/mark><\/strong> : <mark style=\"background-color:#fffeb9\" class=\"has-inline-color\">Bu gruba, \u00fcstteki \u00fccretli gruplardan birine dahil olan herkes eklenecektir.<\/mark> B\u00fct\u00fcn \u00e7al\u0131\u015fmalara ek olarak &#8220;genel fayda, auran\u0131n g\u00fc\u00e7lendirilmesi ve onar\u0131lmas\u0131, \u00e7akralar\u0131n dengelenmesi niyetiyle&#8221; LAO taraf\u0131ndan 42 g\u00fcn i\u00e7inde 4 kez uzaktan Uzaktan Prana Enerji Seans\u0131 yap\u0131lacakt\u0131r. <mark style=\"background-color:#b4ffe4\" class=\"has-inline-color\">\u0130lk g\u00fcn LAO&#8217;dan Prana \u00e7al\u0131\u015fmas\u0131 ile ba\u015flayaca\u011f\u0131z<\/mark>&#8230;<\/li>\n<\/ul>\n\n\n\n<h2 class=\"wp-block-heading\"><strong>K\u0130MLER KATILAB\u0130L\u0130R?<\/strong><\/h2>\n\n\n\n<p>Yukar\u0131daki alanlarda blokajlar\u0131n\u0131n oldu\u011funu d\u00fc\u015f\u00fcnenler \/ hissedenler ve bunlardan kurtulmak isteyenlerden, enerji ve frekans\u0131n iyile\u015ftirici g\u00fcc\u00fcne g\u00f6n\u00fclden inananlar kat\u0131labilirler. <\/p>\n\n\n\n<h2 class=\"wp-block-heading\"><strong>K\u0130MLER KATILMAMALIDIR?<\/strong><\/h2>\n\n\n\n<p>Hamileler, epilepsi hastalar\u0131, panik atak hastalar\u0131, kalp pili kullananlar, \u015fizofreni hastalar\u0131 enerji \u00e7al\u0131\u015fmalar\u0131na kat\u0131lmamal\u0131d\u0131r. Ayr\u0131ca bu t\u00fcr \u015feylerin bir sa\u00e7mal\u0131ktan ibaret oldu\u011funu d\u00fc\u015f\u00fcnenler de enerji alanlar\u0131n\u0131 bilin\u00e7alt\u0131 seviyede kapatm\u0131\u015f olacaklar\u0131ndan kat\u0131lmalar\u0131n\u0131 \u00f6nermiyorum.<\/p>\n\n\n\n<h2 class=\"wp-block-heading\"><strong>KATILIM \u00dcCRETL\u0130D\u0130R<\/strong>.<\/h2>\n\n\n\n<p>Seanslar\u0131n \u00fccretli olmas\u0131n\u0131n sebebi 21+21=42 G\u00fcn g\u00fcn boyunca her g\u00fcn uzun saatler \u00e7al\u0131\u015fma, dikkat ve organizasyon gerektiriyor olmas\u0131d\u0131r. <\/p>\n\n\n\n<p><strong>Bir grup yerine daha fazla gruba kat\u0131lmay\u0131 da tercih edebilirsiniz. <\/strong><\/p>\n\n\n\n<ul class=\"wp-block-list\">\n<li>1 gruba kat\u0131l\u0131m 450 TL<\/li>\n\n\n\n<li>2 gruba ayn\u0131 anda kat\u0131l\u0131m <s>900 yerine<\/s> 700 TL <\/li>\n\n\n\n<li>Herhangi bir \u00fccretli gruba kat\u0131lanlar, \u00fccretsiz seanslardan da faydalan\u0131rlar.<\/li>\n<\/ul>\n\n\n\n<h2 class=\"wp-block-heading\"><strong>S\u00dcRE\u00c7 NASIL OLACAK?<\/strong><\/h2>\n\n\n\n<p>\u00c7al\u0131\u015fma 21+21= 42 g\u00fcn s\u00fcrecektir. <\/p>\n\n\n\n<p><mark style=\"background-color:#fff1c7\" class=\"has-inline-color\">Her grup i\u00e7in ayr\u0131 whatsapp gruplar\u0131 kuruyoruz.<\/mark> Bu gruplarda \u00e7al\u0131\u015fma yap\u0131lmadan \u00f6nce ve sonra bilgi verilecektir. \u00c7al\u0131\u015fma yap\u0131l\u0131rken yat\u0131p beklemenize gerek yoktur. G\u00fcndelik rutininize devam edebilirsiniz. Fakat seans yap\u0131laca\u011f\u0131 \u00f6nceden belirtildi\u011finden, seans saatlerini biliyor olacaks\u0131n\u0131z ve o saatlerde <strong>bol su<\/strong> t\u00fcketmeniz \u00e7ok faydal\u0131 olacakt\u0131r. Buna ek olarak ellerinizi ve ayaklar\u0131n\u0131z\u0131 \u00e7apraz yaparak durmamal\u0131s\u0131n\u0131z.  <\/p>\n\n\n\n<p>LAO taraf\u0131ndan en az 4 kez uzaktan enerji \u00e7al\u0131\u015fmas\u0131 ile destekleneceksiniz. Bunlar i\u00e7in \u00f6nceden g\u00fcn ve saat bilgisi verilecektir. Bu seanslar an\u0131nda yatakta uzan\u0131yor olman\u0131z gerekecektir. Gece yatma saatlerine denk getirilecektir. <\/p>\n\n\n\n<h2 class=\"wp-block-heading\"><strong><mark style=\"background-color:rgba(0, 0, 0, 0);color:#ff0261\" class=\"has-inline-color\">SIRADAK\u0130 GRUPLAR \u0130\u00c7\u0130N BA\u015eLANGI\u00c7 TAR\u0130H\u0130 <\/mark><\/strong><\/h2>\n\n\n\n<p>2 Aral\u0131k 2022 g\u00fcn\u00fc ba\u015flayacak ve 42 g\u00fcn s\u00fcrecektir. <\/p>\n\n\n\n<p>1 Aral\u0131k&#8217;a kadar kat\u0131l\u0131m ba\u015fvurusu yapabilirsiniz. <\/p>\n\n\n\n<p>Kat\u0131lmak i\u00e7in <strong>05424567998 <\/strong>Serpil Han\u0131m&#8217;a whatsapptan ya da telefonla ula\u015fabilirsiniz. <\/p>\n\n\n\n<h2 class=\"wp-block-heading\"><strong>SEANSLAR HAKKINDA B\u0130L\u0130NMES\u0130 GEREKENLER NELER?<\/strong><\/h2>\n\n\n\n<p>Seans esnas\u0131nda herhangi bir \u015fey hissedilmesi beklenmemekle birlikte bedende hafif kar\u0131ncalanma gibi hisler olu\u015fabilir. \u015eu ana kadar grup seanslar\u0131m\u0131za y\u00fczlerce ki\u015fi kat\u0131ld\u0131 ve herhangi bir rahats\u0131zl\u0131k hissedilmemesi ile birlikte \u00e7ok g\u00fczel geri d\u00f6n\u00fc\u015fler ald\u0131k. <\/p>\n\n\n\n<p>Seanslar\u0131n \u00f6zellikle ilk haftas\u0131nda blokajlar \u00e7\u00f6z\u00fclmeye ba\u015flayaca\u011f\u0131ndan biraz daha yo\u011fun negatif duygular olmas\u0131 s\u00f6z konusu olabilir. \u00c7\u00f6z\u00fclme, dengelenme ve g\u00fc\u00e7lendirilme \u015feklinde ilerledi\u011fi i\u00e7in ilk hafta \u00f6zellikle duygusal olarak hassas hissedilebilir. <\/p>\n\n\n\n<p>Seanslar\u0131n ilgili konular\u0131 kesin \u00e7\u00f6zece\u011fi ile ilgili bir beyanda bulunmam yasal ve etik olarak m\u00fcmk\u00fcn de\u011fildir. Bug\u00fcne kadar yap\u0131lan uygulamalarda pozitif geri d\u00f6n\u00fc\u015fler al\u0131nm\u0131\u015ft\u0131r fakat herkesin hayat\u0131 ve enerji alan\u0131 kendine \u00f6zel oldu\u011fundan etkileri de\u011fi\u015febilir. Ayr\u0131ca faydalar zaman i\u00e7inde g\u00f6zlenmeye ba\u015flanabilir. <\/p>\n\n\n\n<p>Yorumlar\u0131 <strong>Laoizm <\/strong>instagram sayfas\u0131nda kay\u0131tl\u0131 hikayeler k\u0131sm\u0131nda &#8220;GRUP SEANSLARI&#8221; b\u00f6l\u00fcm\u00fcnde g\u00f6rebilirsiniz.<\/p>\n\n\n\n<p>Enerji, frekans konular\u0131na uzak ve hatta \u00f6n yarg\u0131l\u0131 olan ki\u015filerin, ayr\u0131ca negatif enerjisi \u00e7ok fazla olan ki\u015filerin kat\u0131lmas\u0131n\u0131 do\u011fru bulmuyorum. En az\u0131ndan enerji alan\u0131n\u0131 maksimum faydaya a\u00e7abilecek kadar inan\u0131yor olman\u0131z gerekiyor. <\/p>\n\n\n\n<p>Ba\u015fta da belirtti\u011fim gibi enerjinin ve frekans\u0131n g\u00fcc\u00fcne inanc\u0131n\u0131z ya da konu hakk\u0131nda bilginiz yoksa <strong><a rel=\"noreferrer noopener\" href=\"https:\/\/astrolojikursu.com\/blog\/healy-frekans-cihazi-nedir\" data-type=\"URL\" data-id=\"https:\/\/astrolojikursu.com\/blog\/healy-frekans-cihazi-nedir\" target=\"_blank\">buraya t\u0131klayarak<\/a><\/strong> konu hakk\u0131ndaki yaz\u0131m\u0131 okuyabilirsiniz. <\/p>\n\n\n\n<p><a rel=\"noreferrer noopener\" href=\"https:\/\/wa.me\/905424567998\" data-type=\"URL\" data-id=\"https:\/\/wa.me\/905424567998\" target=\"_blank\"><strong><mark style=\"background-color:#a9ff70\" class=\"has-inline-color\">WHATSAPP MESAJI G\u00d6NDERMEK \u0130\u00c7\u0130N TIKLAYIN<\/mark><\/strong><\/a><\/p>\n\n\n\n<p>Sevgilerimle <\/p>\n\n\n\n<p>LAO<\/p>\n\n\n\n<p><a href=\"http:\/\/www.astrolojikursu.com\" data-type=\"URL\" data-id=\"www.astrolojikursu.com\" target=\"_blank\" rel=\"noreferrer noopener\"><strong>www.AstrolojiKursu.com<\/strong><\/a><\/p>\n\n\n\n<p><a href=\"http:\/\/www.instagram.com\/sevgililao\" data-type=\"URL\" data-id=\"http:\/\/www.instagram.com\/sevgililao\" target=\"_blank\" rel=\"noreferrer noopener\">Instagram LAO<\/a><\/p>\n","protected":false},"excerpt":{"rendered":"<p>Merhabalar. Buraya LAO instagram sayfas\u0131ndan gelmi\u015f olmal\u0131s\u0131n\u0131z. 21 g\u00fcn s\u00fcrecek olan grup enerji \u015fifa seanslar\u0131ma nas\u0131l kat\u0131laca\u011f\u0131n\u0131zla ilgili burada bilgi bulabilirsiniz. S\u0131radaki Grup seanslar\u0131 19 May\u0131s 2023&#8217;de Yeni Ay g\u00fcn\u00fc&#8230;<\/p>\n","protected":false},"author":1,"featured_media":0,"parent":0,"menu_order":0,"comment_status":"closed","ping_status":"closed","template":"","meta":{"footnotes":""},"class_list":["post-1070","page","type-page","status-publish","hentry"],"_links":{"self":[{"href":"https:\/\/astrolojikursu.com\/blog\/wp-json\/wp\/v2\/pages\/1070","targetHints":{"allow":["GET"]}}],"collection":[{"href":"https:\/\/astrolojikursu.com\/blog\/wp-json\/wp\/v2\/pages"}],"about":[{"href":"https:\/\/astrolojikursu.com\/blog\/wp-json\/wp\/v2\/types\/page"}],"author":[{"embeddable":true,"href":"https:\/\/astrolojikursu.com\/blog\/wp-json\/wp\/v2\/users\/1"}],"replies":[{"embeddable":true,"href":"https:\/\/astrolojikursu.com\/blog\/wp-json\/wp\/v2\/comments?post=1070"}],"version-history":[{"count":13,"href":"https:\/\/astrolojikursu.com\/blog\/wp-json\/wp\/v2\/pages\/1070\/revisions"}],"predecessor-version":[{"id":1188,"href":"https:\/\/astrolojikursu.com\/blog\/wp-json\/wp\/v2\/pages\/1070\/revisions\/1188"}],"wp:attachment":[{"href":"https:\/\/astrolojikursu.com\/blog\/wp-json\/wp\/v2\/media?parent=1070"}],"curies":[{"name":"wp","href":"https:\/\/api.w.org\/{rel}","templated":true}]}}