{"id":1268,"date":"2024-12-13T19:44:54","date_gmt":"2024-12-13T19:44:54","guid":{"rendered":"https:\/\/astrolojikursu.com\/blog\/?page_id=1268"},"modified":"2025-05-22T18:36:12","modified_gmt":"2025-05-22T18:36:12","slug":"4-saatte-astrolog-ol","status":"publish","type":"page","link":"https:\/\/astrolojikursu.com\/blog\/4-saatte-astrolog-ol","title":{"rendered":"H\u0131zl\u0131 Astroloji E\u011fitimi"},"content":{"rendered":"\n<p>Bu e\u011fitimde, <mark style=\"background-color:rgba(0, 0, 0, 0);color:#ff4b5d\" class=\"has-inline-color\"><strong>hi\u00e7bir astroloji bilgisine sahip olmadan<\/strong>,<\/mark> ister kendi do\u011fum haritan\u0131z\u0131, ister sevdiklerinizin ya da dan\u0131\u015fanlar\u0131n\u0131z\u0131n do\u011fum haritalar\u0131n\u0131 <strong>dakikalar i\u00e7inde analiz ederek 100 sayfadan fazla detayl\u0131 rapor<\/strong> \u00e7\u0131karmay\u0131 ve <strong>gelecek \u00f6ng\u00f6r\u00fcleri yapmay\u0131<\/strong> \u00f6\u011freneceksiniz.<\/p>\n\n\n\n<p><strong><mark style=\"background-color:rgba(0, 0, 0, 0);color:#fe5700\" class=\"has-inline-color\">E\u011fitime kat\u0131lanlar\u0131n yorumlar\u0131n\u0131<\/mark><\/strong> bu sayfan\u0131n en alt\u0131ndaki videoda bulabilirsiniz.<\/p>\n\n\n\n<p class=\"has-background\" style=\"background-color:#fffea7e8\">E\u011fitimi <strong>hemen al\u0131p izleyebilirsiniz. <\/strong>B\u00f6ylece 4-5 saat i\u00e7inde detayl\u0131 astrolojik rapor \u00e7\u0131karabilir hale gelirsiniz.<\/p>\n\n\n\n<p>Devam\u0131 a\u015fa\u011f\u0131da&#8230; <\/p>\n\n\n<div class=\"wp-block-image\">\n<figure class=\"aligncenter size-full is-resized\"><img loading=\"lazy\" decoding=\"async\" width=\"1024\" height=\"1024\" src=\"https:\/\/astrolojikursu.com\/blog\/wp-content\/uploads\/2024\/12\/yz1.jpg\" alt=\"\" class=\"wp-image-1284\" style=\"width:899px;height:auto\" srcset=\"https:\/\/astrolojikursu.com\/blog\/wp-content\/uploads\/2024\/12\/yz1.jpg 1024w, https:\/\/astrolojikursu.com\/blog\/wp-content\/uploads\/2024\/12\/yz1-300x300.jpg 300w, https:\/\/astrolojikursu.com\/blog\/wp-content\/uploads\/2024\/12\/yz1-150x150.jpg 150w, https:\/\/astrolojikursu.com\/blog\/wp-content\/uploads\/2024\/12\/yz1-768x768.jpg 768w, https:\/\/astrolojikursu.com\/blog\/wp-content\/uploads\/2024\/12\/yz1-600x600.jpg 600w\" sizes=\"auto, (max-width: 1024px) 100vw, 1024px\" \/><\/figure>\n<\/div>\n\n\n<h2 class=\"wp-block-heading\">Nas\u0131l m\u0131?<\/h2>\n\n\n\n<p>\u00d6ncelikle tan\u0131\u015fal\u0131m&#8230; Ben Serkan Balaban, <a href=\"https:\/\/astrolojikursu.com\" data-type=\"link\" data-id=\"https:\/\/astrolojikursu.com\" target=\"_blank\" rel=\"noreferrer noopener\"><mark style=\"background-color:rgba(0, 0, 0, 0);color:#0595ec\" class=\"has-inline-color\">AstrolojiKursu.com<\/mark><\/a>, <a href=\"https:\/\/ilimokulu.com\" data-type=\"link\" data-id=\"https:\/\/ilimokulu.com\" target=\"_blank\" rel=\"noreferrer noopener\"><mark style=\"background-color:rgba(0, 0, 0, 0);color:#08a4f4\" class=\"has-inline-color\">\u0130limOkulu.com<\/mark><\/a> ve <a href=\"https:\/\/dharma.ac\" target=\"_blank\" rel=\"noreferrer noopener\"><mark style=\"background-color:rgba(0, 0, 0, 0);color:#08a9e5\" class=\"has-inline-color\">DharmaAkademi.com<\/mark><\/a>&#8216;un kurucusuyum. Bug\u00fcne kadar binlerce ki\u015fiye astrolojik dan\u0131\u015fmanl\u0131k verdim ve astroloji kursumda y\u00fczlerce deneyimli astrolog yeti\u015ftirdim.<\/p>\n\n\n\n<p>Yapay zekan\u0131n inan\u0131lmaz seviyelere gelmesiyle birlikte ChatGPT tabanl\u0131 kendi yapay zekam\u0131 geli\u015ftirdim ve onu e\u011fittim. Yani bug\u00fcne kadar ki t\u00fcm deneyimlerimi, bilgilerimi ve Astroloji Kursundaki t\u00fcm i\u00e7erikleri bu yapay zekaya y\u00fckleyip say\u0131s\u0131z test yapt\u0131ktan sonra onu muhte\u015fem i\u00e7erikler \u00fcretebilir, hatta isabetli \u00f6ng\u00f6r\u00fcler yapabilir hale getirdim. <\/p>\n\n\n\n<h2 class=\"wp-block-heading\">S\u0131rada ne var?<\/h2>\n\n\n\n<p>Bu yapay zekadan en \u00fcst seviyede faydalanabilmeniz i\u00e7in size \u00f6\u011fretece\u011fim \u015fey; do\u011fum haritan\u0131z\u0131 do\u011fru bir \u015fekilde \u00e7\u0131karabilmek ve ona do\u011fru sorular\u0131 sormakt\u0131r. Geriye kalan her \u015feyi, e\u011fitti\u011fim yapay zeka sizler i\u00e7in yapacakt\u0131r.<\/p>\n\n\n\n<p>Geriye sadece sorular\u0131n cevaplar\u0131n\u0131 kopyala yap\u0131\u015ft\u0131r yapmak ve 100 sayfadan fazla detayl\u0131 analizi haz\u0131r hale getirmek kalacakt\u0131r. Bunu bir d\u00fczen i\u00e7inde ve kolayca yapmay\u0131 \u00f6\u011freneceksiniz.<\/p>\n\n\n\n<p>Ayr\u0131ca anl\u0131k gezegen transitlerinin sizi nas\u0131l etkileyebilece\u011fini de analiz edebileceksiniz. Yani neredeyse kendi kendinizin astrolo\u011fu olabileceksiniz.<\/p>\n\n\n\n<h2 class=\"wp-block-heading\">Bu e\u011fitim kimler i\u00e7indir?<\/h2>\n\n\n\n<ul class=\"wp-block-list\">\n<li>Amat\u00f6r astroloji merakl\u0131lar\u0131<\/li>\n\n\n\n<li>Kendisi ve sevdikleri i\u00e7in detayl\u0131 analizler \u00e7\u0131karmak isteyenler<\/li>\n\n\n\n<li>Dan\u0131\u015fanlar\u0131na daha detayl\u0131 raporlar \u00e7\u0131karmak ve daha iyi dan\u0131\u015fmanl\u0131k vermek isteyen astrologlar<\/li>\n\n\n\n<li>H\u0131zl\u0131ca astroloji \u00f6\u011frenmek isteyenler<\/li>\n<\/ul>\n\n\n\n<p><em>Bu e\u011fitimi asl\u0131nda Astroloji Kursu \u00f6\u011frencilerime yeni yetenekler kazand\u0131rmak i\u00e7in haz\u0131rl\u0131yordum. Fakat \u00f6yle g\u00fczel sonu\u00e7lar almaya ba\u015flad\u0131m ki, astroloji bilmeyenlerin bile faydalanabilece\u011fini fark ettim. Bu nedenle herkese a\u00e7\u0131k olarak yay\u0131nlamaya karar verdim. <strong>AstrolojiKursu.com Pro \u00f6\u011frencilerim i\u00e7in bu e\u011fitime kat\u0131lmak \u00fccretsizdir<\/strong>. <\/em><\/p>\n\n\n\n<h2 class=\"wp-block-heading\">Neler yapabileceksiniz?<\/h2>\n\n\n\n<ul class=\"wp-block-list\">\n<li>Vedik Astrolojiye g\u00f6re do\u011fum haritas\u0131n\u0131 detayl\u0131 \u015fekilde analiz edebileceksiniz.<\/li>\n\n\n\n<li>Hayat\u0131n hangi d\u00f6neminde neler ya\u015fayabilece\u011finiz ile ilgili \u00f6ng\u00f6r\u00fcler alabileceksiniz.<\/li>\n\n\n\n<li>Anl\u0131k gezegen transitlerinin hayat\u0131n\u0131z\u0131 nas\u0131l etkileyece\u011fini \u00f6\u011frenebileceksiniz.<\/li>\n\n\n\n<li>A\u015fk ve ili\u015fki uyumu, yani Sinastri analizi yapabileceksiniz.<\/li>\n\n\n\n<li>Zay\u0131f ve retro gezegenlerinizi nas\u0131l \u015fifaland\u0131rabilece\u011finizi \u00f6\u011frenebileceksiniz.<\/li>\n\n\n\n<li>Evlilik, ili\u015fkiler, kariyer, para, sa\u011fl\u0131k, g\u00fc\u00e7l\u00fc ve zay\u0131f yanlar\u0131n\u0131z ile ilgili bilgi alabileceksiniz.<\/li>\n\n\n\n<li>Bu yapay zeka, size deneyimli bir astrolo\u011fun verebilece\u011fi cevaplar\u0131n %90&#8217;\u0131n\u0131 verebilecek \u015fekilde e\u011fitilmi\u015ftir.<\/li>\n<\/ul>\n\n\n\n<h2 class=\"wp-block-heading\">Bu kadar kolay Astrolog olunur mu?<\/h2>\n\n\n\n<p><em><mark style=\"background-color:rgba(0, 0, 0, 0)\" class=\"has-inline-color has-very-dark-grey-color\">Bu e\u011fitimi duyurmam astroloji d\u00fcnyas\u0131nda biraz panik yaratt\u0131. Baz\u0131 canlar\u0131m\u0131z &#8220;Astroloji bu kadar basit mi? Ne yani herkes astroloji \u00f6\u011frenebilecek mi? \u015eimdi biz ne yapaca\u011f\u0131z?&#8221; gibi s\u00f6ylemlerde bulundular. Bu nedenle konuya de\u011finmek istiyorum. <\/mark><\/em><\/p>\n\n\n\n<p>Sevgili arkada\u015flar ben de astrolo\u011fum ve hatta <strong>AstrolojiKursu.com<\/strong> gibi 250 saatten fazla e\u011fitim i\u00e7eren harika bir e\u011fitim platformunun kurucusuyum. \u00dcstelik bu e\u011fitim platformunda yazmam\u0131n aylar\u0131m\u0131, hatta y\u0131llar\u0131m\u0131 ald\u0131\u011f\u0131 binlerce sayfa i\u00e7erik var. Ben bunlar\u0131 yazarken do\u011fru d\u00fcr\u00fcst kaynak bile yoktu..<\/p>\n\n\n\n<p>Ama art\u0131k var&#8230; Zaman\u0131n de\u011fi\u015fti\u011fini, teknolojinin ilerleyip geldi\u011fi noktay\u0131 reddetmek ger\u00e7ekleri de\u011fi\u015ftirmez. Astrologlar da de\u011fi\u015fen d\u00fcnyan\u0131n dinamiklerine uyum sa\u011flamal\u0131d\u0131r.<\/p>\n\n\n\n<hr class=\"wp-block-separator has-alpha-channel-opacity\"\/>\n\n\n\n<p>Yapay zeka b\u00fct\u00fcn sekt\u00f6rleri etkiliyor ama herkes farkl\u0131 tepkiler veriyor.<\/p>\n\n\n\n<p>Yaz\u0131l\u0131mc\u0131lar, tasar\u0131mc\u0131lar, i\u00e7erik \u00fcreticileri ve hatta film yap\u0131mc\u0131lar\u0131 bile yapay zekan\u0131n geli\u015fiminden etkileniyor. Fakat amat\u00f6r olanlar diren\u00e7 g\u00f6sterir ve panik ya\u015farken; profesyoneller ise yapay zekay\u0131 nas\u0131l daha etkili kullanaca\u011f\u0131na kafa yoruyor. <\/p>\n\n\n\n<p><strong>Yapay Zekadan Astrolog olur mu?<\/strong><\/p>\n\n\n\n<p>\u00d6rne\u011fin; yapay zekadan yaz\u0131l\u0131mc\u0131 olmaz ama i\u015fini bilen yaz\u0131l\u0131mc\u0131lar i\u00e7in harika bir kolayla\u015ft\u0131r\u0131c\u0131d\u0131r. Yapay zekadan i\u00e7erik edit\u00f6r\u00fc de olmaz ama bir edit\u00f6r\u00fcn 1 ayl\u0131k i\u015fini 1 g\u00fcnde bitirmesini sa\u011flar. Yapay zekadan film yap\u0131mc\u0131s\u0131 da olmaz ama yarat\u0131c\u0131l\u0131\u011f\u0131 olup da sermayesi olmayan yap\u0131mc\u0131lar i\u00e7in bulunmaz nimettir. <\/p>\n\n\n\n<p>Ayn\u0131 \u015fekilde; yapay zekadan astrolog da olmaz ama <strong>astroloji \u00f6\u011frenmek isteyen ki\u015filer<\/strong> ve <strong>detayl\u0131, uzun raporlar \u00e7\u0131karmak isteyen astrologlar i\u00e7in muhte\u015fem bir asistand\u0131r<\/strong>. <\/p>\n\n\n\n<p>Yani bir astrolog iseniz endi\u015fe etmeyin, yapay zeka devrimine adapte olmaya \u00e7al\u0131\u015f\u0131n. <\/p>\n\n\n\n<p><mark style=\"background-color:rgba(0, 0, 0, 0);color:#ff5162\" class=\"has-inline-color\"><strong>Astrolojiyi yeni \u00f6\u011frenecek biriyseniz zaten \u00e7ok \u015fansl\u0131s\u0131n\u0131z<\/strong>. \u00c7\u00fcnk\u00fc do\u011fru komutlar\u0131 girmeyi \u00f6\u011frendi\u011finiz anda size 2-3 sene kazand\u0131rabilir. Bu e\u011fitimde birka\u00e7 saat i\u00e7inde 2-3 senelik yol alacaks\u0131n\u0131z.<\/mark><\/p>\n\n\n\n<h2 class=\"wp-block-heading\">E\u011fitime kat\u0131lanlar ne dedi?<\/h2>\n\n\n\n<p>\u0130lk e\u011fitimimizden sonra kat\u0131l\u0131mc\u0131 arkada\u015flara yorumlar\u0131n\u0131 sordum ve birka\u00e7\u0131n\u0131n fikirlerini sizlerle payla\u015f\u0131yorum. <strong>H\u0131zland\u0131rarak izleyebilirsiniz.<\/strong><\/p>\n\n\n\n<figure class=\"wp-block-embed is-type-video is-provider-youtube wp-block-embed-youtube wp-embed-aspect-16-9 wp-has-aspect-ratio\"><div class=\"wp-block-embed__wrapper\">\n<iframe loading=\"lazy\" title=\"4 Saatte Astrolog OL - H\u0131zl\u0131 Astroloji E\u011fitimi Yorumlar\u0131\" width=\"1250\" height=\"703\" src=\"https:\/\/www.youtube.com\/embed\/415Rd5d4WYs?feature=oembed\" frameborder=\"0\" allow=\"accelerometer; autoplay; clipboard-write; encrypted-media; gyroscope; picture-in-picture; web-share\" referrerpolicy=\"strict-origin-when-cross-origin\" allowfullscreen><\/iframe>\n<\/div><\/figure>\n\n\n\n<h2 class=\"wp-block-heading\">Bu e\u011fitime nas\u0131l kat\u0131l\u0131rs\u0131n\u0131z?<\/h2>\n\n\n\n<p><strong><mark style=\"background-color:rgba(0, 0, 0, 0);color:#ff204e\" class=\"has-inline-color\">E\u011fitimi hemen \u015fimdi al\u0131p izleyebilirsiniz<\/mark><\/strong> ve saatler i\u00e7inde detayl\u0131 astroloji raporlar\u0131 \u00e7\u0131karmaya ba\u015flayabilirsiniz. Sonra da ayl\u0131k geli\u015ftirme ve peki\u015ftirme e\u011fitimlerine kat\u0131labilirsiniz.<\/p>\n\n\n\n<p>Bu e\u011fitimde size s\u0131f\u0131rdan astroloji haritas\u0131 \u00e7\u0131kar\u0131p, bu harita \u0131\u015f\u0131\u011f\u0131nda do\u011fru komutlar\u0131 girerek do\u011fru sonu\u00e7lar almay\u0131 ve bu sonu\u00e7lar\u0131 sentezlemeyi \u00f6\u011fretece\u011fim. <\/p>\n\n\n\n<p>Bu e\u011fitimi alanlara; haritan\u0131n derinli\u011fini anlamay\u0131 kolayla\u015ft\u0131racak olan <strong>15000 TL<\/strong> de\u011ferindeki a\u015fa\u011f\u0131daki e\u011fitimler hediyedir.<\/p>\n\n\n\n<p>+ <strong><mark style=\"background-color:rgba(0, 0, 0, 0);color:#ff265a\" class=\"has-inline-color\">30 saatlik Astroloji Kursu Temel Seviye E\u011fitimi hediyedir.<\/mark><\/strong><\/p>\n\n\n\n<p>+ <strong><mark style=\"background-color:rgba(0, 0, 0, 0);color:#f13447\" class=\"has-inline-color\">8 Saatlik Evlilik Astrolojisi E\u011fitimi <\/mark><\/strong>de hediyedir.<\/p>\n\n\n\n<p>+ <strong><mark style=\"background-color:rgba(0, 0, 0, 0);color:#ea4858\" class=\"has-inline-color\">\u00c7akralar ve Tantra E\u011fitimi<\/mark><\/strong> hediyedir.<\/p>\n\n\n\n<p>E\u011fitim \u00fccreti <strong><mark style=\"background-color:rgba(0, 0, 0, 0)\" class=\"has-inline-color has-very-dark-grey-color\">5900 TL + KDV<\/mark><\/strong>&#8216;dir.<\/p>\n\n\n\n<p><em><mark style=\"background-color:rgba(0, 0, 0, 0)\" class=\"has-inline-color has-very-dark-grey-color\"><strong>Olduk\u00e7a s\u0131ra d\u0131\u015f\u0131 de\u011fil mi! Evet. \u00c7\u00fcnk\u00fc gelecek s\u0131ra d\u0131\u015f\u0131&#8230; Siz de gelece\u011fin d\u00fcnyas\u0131na ad\u0131m at\u0131n!<\/strong><\/mark><\/em> <em><strong><mark style=\"background-color:rgba(0, 0, 0, 0)\" class=\"has-inline-color has-very-dark-grey-color\">Ger\u00e7ek zeka, de\u011fi\u015fen \u015fartlara uyum sa\u011flayabilme yetene\u011fidir!<\/mark><\/strong><\/em><\/p>\n\n\n\n<div class=\"wp-block-buttons is-layout-flex wp-block-buttons-is-layout-flex\">\n<div class=\"wp-block-button is-style-fill\"><a class=\"wp-block-button__link has-background has-medium-font-size has-custom-font-size wp-element-button\" href=\"https:\/\/wa.me\/905424567998?text=Merhaba%20hizli%20astroloji%20egitimine%20katilmak%20istiyorum\" style=\"background-color:#ff7e4b\" target=\"_blank\" rel=\"noreferrer noopener\">E\u011e\u0130T\u0130M\u0130 HEMEN AL<\/a><\/div>\n<\/div>\n\n\n\n<hr class=\"wp-block-separator has-alpha-channel-opacity\"\/>\n\n\n\n<h2 class=\"wp-block-heading\">E\u011fitimin giri\u015f k\u0131sm\u0131ndan bir kesit; <\/h2>\n\n\n\n<p><mark style=\"background-color:rgba(0, 0, 0, 0);color:#ff5162\" class=\"has-inline-color\">H\u0131zland\u0131rarak izleyebilirsiniz&#8230;<\/mark><\/p>\n\n\n\n<figure class=\"wp-block-embed is-type-video is-provider-youtube wp-block-embed-youtube wp-embed-aspect-16-9 wp-has-aspect-ratio\"><div class=\"wp-block-embed__wrapper\">\n<iframe loading=\"lazy\" title=\"H\u0131zl\u0131 Astroloji E\u011fitimi - Giri\u015f B\u00f6l\u00fcm\u00fc\" width=\"1250\" height=\"703\" src=\"https:\/\/www.youtube.com\/embed\/nAu7BYQtLRM?feature=oembed\" frameborder=\"0\" allow=\"accelerometer; autoplay; clipboard-write; encrypted-media; gyroscope; picture-in-picture; web-share\" referrerpolicy=\"strict-origin-when-cross-origin\" allowfullscreen><\/iframe>\n<\/div><\/figure>\n\n\n\n<h2 class=\"wp-block-heading\">\u015eu konular da ilginizi \u00e7ekebilir?<\/h2>\n\n\n\n<p>Ruhsal yolculu\u011funuza \u0131\u015f\u0131k tutacak <strong><mark style=\"background-color:rgba(0, 0, 0, 0);color:#ff195f\" class=\"has-inline-color\">\u00fccretsiz <\/mark><\/strong>dersler i\u00e7in <a href=\"https:\/\/ilimokulu.com\" data-type=\"link\" data-id=\"https:\/\/ilimokulu.com\" target=\"_blank\" rel=\"noreferrer noopener\"><strong><mark style=\"background-color:rgba(0, 0, 0, 0);color:#1daaff\" class=\"has-inline-color\">\u0130limOkulu.com<\/mark><\/strong><\/a>&#8216;u ziyaret edebilirsiniz.<\/p>\n\n\n\n<p><em><mark style=\"background-color:rgba(0, 0, 0, 0)\" class=\"has-inline-color has-very-dark-grey-color\">Gelece\u011fin d\u00fcnyas\u0131na uyum sa\u011flamak, zihninizi e\u011fitmek ve y\u00fcksek bir bilin\u00e7 haline gelmek i\u00e7in ge\u00e7 kalmay\u0131n. \u00c7\u00fcnk\u00fc gelecek, y\u00fcksek bilin\u00e7ler i\u00e7in cennet, d\u00fc\u015f\u00fck bilin\u00e7ler i\u00e7in cehennem olabilir&#8230;<\/mark><\/em><\/p>\n\n\n\n<p>Sevgilerimle&#8230; <em><mark style=\"background-color:rgba(0, 0, 0, 0)\" class=\"has-inline-color has-very-dark-grey-color\"> <\/mark><\/em><\/p>\n","protected":false},"excerpt":{"rendered":"<p>Bu e\u011fitimde, hi\u00e7bir astroloji bilgisine sahip olmadan, ister kendi do\u011fum haritan\u0131z\u0131, ister sevdiklerinizin ya da dan\u0131\u015fanlar\u0131n\u0131z\u0131n do\u011fum haritalar\u0131n\u0131 dakikalar i\u00e7inde analiz ederek 100 sayfadan fazla detayl\u0131 rapor \u00e7\u0131karmay\u0131 ve gelecek&#8230;<\/p>\n","protected":false},"author":1,"featured_media":0,"parent":0,"menu_order":0,"comment_status":"closed","ping_status":"closed","template":"","meta":{"footnotes":""},"class_list":["post-1268","page","type-page","status-publish","hentry"],"_links":{"self":[{"href":"https:\/\/astrolojikursu.com\/blog\/wp-json\/wp\/v2\/pages\/1268","targetHints":{"allow":["GET"]}}],"collection":[{"href":"https:\/\/astrolojikursu.com\/blog\/wp-json\/wp\/v2\/pages"}],"about":[{"href":"https:\/\/astrolojikursu.com\/blog\/wp-json\/wp\/v2\/types\/page"}],"author":[{"embeddable":true,"href":"https:\/\/astrolojikursu.com\/blog\/wp-json\/wp\/v2\/users\/1"}],"replies":[{"embeddable":true,"href":"https:\/\/astrolojikursu.com\/blog\/wp-json\/wp\/v2\/comments?post=1268"}],"version-history":[{"count":20,"href":"https:\/\/astrolojikursu.com\/blog\/wp-json\/wp\/v2\/pages\/1268\/revisions"}],"predecessor-version":[{"id":1317,"href":"https:\/\/astrolojikursu.com\/blog\/wp-json\/wp\/v2\/pages\/1268\/revisions\/1317"}],"wp:attachment":[{"href":"https:\/\/astrolojikursu.com\/blog\/wp-json\/wp\/v2\/media?parent=1268"}],"curies":[{"name":"wp","href":"https:\/\/api.w.org\/{rel}","templated":true}]}}